{"id":94,"date":"2015-09-15T17:58:00","date_gmt":"2015-09-15T17:58:00","guid":{"rendered":"http:\/\/grzegorzcholuj.pl\/?page_id=94"},"modified":"2024-11-03T20:20:23","modified_gmt":"2024-11-03T20:20:23","slug":"meskie-poznawanie-gnothi-seauton","status":"publish","type":"page","link":"http:\/\/grzegorzcholuj.pl\/?page_id=94","title":{"rendered":"#DeepInside -PSYCHOTERAPEUTYCZNE WARSZTATY DLA M\u0118\u017bCZYZN"},"content":{"rendered":"<p><iframe loading=\"lazy\" title=\"#DeepInside... kilka s\u0142\u00f3w o warsztatach dla m\u0119\u017cczyzn\" width=\"930\" height=\"523\" src=\"https:\/\/www.youtube.com\/embed\/lB5gOKMw_wc?feature=oembed\" frameborder=\"0\" allow=\"accelerometer; autoplay; clipboard-write; encrypted-media; gyroscope; picture-in-picture\" allowfullscreen><\/iframe><\/p>\n<p><strong>WARSZTATY DLA M\u0118\u017bCZYZN<\/strong><\/p>\n<p><strong>#<\/strong><em><strong>DeepInside &#8211; W g\u0142\u0105b samego siebie<\/strong><\/em><\/p>\n<p><strong>M\u0118SKI PROGRAM PRACY TERAPEUTYCZNEJ I ROZWOJU OSOBISTEGO<br \/>\n<\/strong><\/p>\n<p>To nowy cykl spotka\u0144, warsztat\u00f3w, wydarze\u0144 po\u015bwi\u0119conych NAM &#8211; M\u0118\u017bCZYZNOM.<br \/>\nKim jeste\u015bmy? Jacy jeste\u015bmy? Jakie role s\u0105 nam przypisane od wiek\u00f3w? Jakie wyzwania stoj\u0105 przed nami dzisiaj? Jakie mo\u017cliwo\u015bci stwarza nam rzeczywisto\u015b\u0107, a jakie kreujemy sami? Jakie pu\u0142apki i zagro\u017cenia pojawiaj\u0105 si\u0119 w \u015bwiecie, w kt\u00f3rym \u201ewszystko mo\u017cesz mie\u0107, wszystko masz w zasi\u0119gu r\u0119ki&#8230;\u201d? Jak odnajdujemy si\u0119 w rzeczywisto\u015bci gender? Czy zmiana r\u00f3l spo\u0142ecznych wytr\u0105ci\u0142a nas z obrazu m\u0119sko\u015bci, kt\u00f3ry nosimy w sobie? A mo\u017ce jest szans\u0105 na powr\u00f3t do normalno\u015bci, partnerstwa i spo\u0142ecze\u0144stwa budowanego na zasadach wzajemnego szacunku?<br \/>\nWiele pyta\u0144&#8230; W trakcie Projektu przede wszystkim b\u0119dziemy je sobie zadawa\u0107 \u2013 to wa\u017cne: postawienie pytania inspiruje do poszukiwania odpowiedzi i daje mo\u017cliwo\u015b\u0107 zaakceptowania faktycznego stanu rzeczy, a to jest podstaw\u0105 do znalezienia odpowiedzi, zadania kolejnych pyta\u0144 i zmiany&#8230;<\/p>\n<p><strong>#DeepInside<\/strong><br \/>\nJest to kompleksowy program rozwoju osobistego dla m\u0119\u017cczyzn, po\u0142\u0105czony z prac\u0105 terapeutyczn\u0105, kt\u00f3rego g\u0142\u00f3wnym atutem jest systematyczna praca w procesie terapeutyczno-rozwojowym. Rozpoczyna si\u0119 m\u0119sk\u0105 podr\u00f3\u017c\u0105 g\u00f3rsk\u0105, po kt\u00f3rej (opcjonalnie) rozpoczynaj\u0105 si\u0119 cykliczne spotkania (1 raz w tygodniu po 2 godziny) w m\u0119skiej grupie osadzone w przestrzeni warsztatu terapeutycznego\u00a0 z elementami psychodramy, pracy z cia\u0142em, g\u0142osem, oddechem i elementami warsztatu aktorskiego.<\/p>\n<p><strong>WYRUSZ W PODR\u00d3\u017b I ODKRYJ SWOJE DZIEDZICTWO!<\/strong><\/p>\n<p>Przed nami-facetami jest wiele wyzwa\u0144&#8230; zawsze by\u0142o&#8230; kiedy\u015b wyruszali\u015bmy na wojn\u0119, przed nami by\u0142a konieczno\u015b\u0107 ochrony i zaopiekowania si\u0119 rodzin\u0105. Dzisiaj stoimy przed takimi samymi wyzwaniami, cho\u0107 okoliczno\u015bci s\u0105 inne i inne s\u0105 metody radzenia sobie z nimi&#8230;<br \/>\n&#8222;Dbamy&#8221; o nasze rodziny haruj\u0105c od rana do wieczora i jeste\u015bmy przekonani, \u017ce tak jest ok! Pod p\u0142aszczem naszej finansowej ochrony wyrasta pokolenie syn\u00f3w bez ojc\u00f3w i c\u00f3rek, dla kt\u00f3rych ojciec jest tylko go\u015bciem w domu. Sprowadzamy si\u0119 do roli bankomat\u00f3w zapewniaj\u0105cych finansowy byt, K-O&#8217;wc\u00f3w organizuj\u0105cych weekendowe wycieczki i atrakcje&#8230;<\/p>\n<p><em>By\u0142em ostatnio \u015bwiadkiem \u015bmiesznej z jednej strony, a z drugiej dramatycznej, po chwili zastanowienia, sytuacji&#8230; Stali\u015bmy z rodzink\u0105 po lody w nasze ulubionej pozna\u0144skiej lodziarni przy Placu Wolno\u015bci. Przede mn\u0105 sta\u0142a w kolejce m\u0142oda dziewczyna i kiedy zbli\u017ca\u0142a si\u0119 jej kolej na zam\u00f3wienie, odwr\u00f3ci\u0142a si\u0119 do mnie i mi\u0142o, z u\u015bmiechem przepu\u015bci\u0142a mnie przed siebie wyja\u015bniaj\u0105c, \u017ce &#8222;Bankomat&#8221; jeszcze nie przyszed\u0142&#8230; Wybuchn\u0119li\u015bmy \u015bmiechem, ale by\u0142o co\u015b przera\u017caj\u0105cego w tych s\u0142owach, jaki\u015b chory syndrom czas\u00f3w, w kt\u00f3rych \u017cyjemy. Dla tej m\u0142odej kobiety jej m\u0119\u017cczyzna mia\u0142 jasno przypisany wzorzec&#8230; Na razie przejawia\u0142o si\u0119 to w \u015bmiesznym okre\u015bleniu &#8222;BANKOMATU&#8221;, ale to sformu\u0142owanie prawdopodobnie, na poziomie nie\u015bwiadomym, nios\u0142o dla niej proste przekonanie o roli, jak\u0105 odgrywa m\u0119\u017cczyzna w jej \u015bwiecie&#8230; Smutne&#8230; Ju\u017c nie Ksi\u0105\u017c\u0119 z bajki&#8230; Rycerz na bia\u0142ym koniu&#8230; tylko BANKOMAT&#8230; no c\u00f3\u017c &#8211; te\u017c blaszany&#8230;<\/em><\/p>\n<p>Jaki wzorzec m\u0119\u017cczyzny wyniesie z okresu dorastania ch\u0142opiec wychowywany bez obecno\u015bci ojca, z matk\u0105 staraj\u0105c\u0105 si\u0119 sprosta\u0107 podw\u00f3jnej wychowawczej roli? Jaki archetyp m\u0119\u017cczyzny zapisze si\u0119 w umy\u015ble c\u00f3rki, dla kt\u00f3rej ojciec b\u0119dzie jakim\u015b dalekim, b\u0119d\u0105cym &#8222;gdzie\u015b tam&#8221; w pracy jegomo\u015bciem, pojawiaj\u0105cym si\u0119 od \u015bwi\u0119ta i pr\u00f3buj\u0105cym usilnie nadrobi\u0107 czas w\u0142asnej nieobecno\u015bci w rodzinie&#8230; I niewa\u017cne czy rodzice s\u0105 po rozwodzie, czy ojciec pracuje dwie ulice od domu i wychodzi do pracy, kiedy dzieci wstaj\u0105 i wraca z pracy, kiedy zasypiaj\u0105&#8230; czy zarabia na utrzymanie rodziny tysi\u0105ce kilometr\u00f3w od domu&#8230; Po prostu go nie ma. Nie ma i ju\u017c. I nic nie jest w stanie zast\u0105pi\u0107 tego braku obecno\u015bci. Pami\u0119tajmy Panowie, \u017ce wychowywa\u0107 mo\u017cna jedynie z przyk\u0142adu&#8230;.<\/p>\n<p>To tylko kropla w morzu temat\u00f3w, z kt\u00f3rymi zmierzymy si\u0119 w projekcie!<\/p>\n<p><strong>Zapraszam Ojc\u00f3w, Syn\u00f3w i Wszystkich M\u0119\u017cczyzn, dla kt\u00f3rych wa\u017cne jest odszukanie i ponowne nazwanie Archetypu M\u0119\u017cczyzny, kt\u00f3ry jest w nas.<br \/>\n<\/strong><\/p>\n<p><strong>Dlaczego warto wyruszy\u0107?<\/strong><br \/>\nWarsztat rozwoju osobistego z elementami pracy terapeutycznej, realizowany w trakcie g\u00f3rskiej w\u0119dr\u00f3wki daje mo\u017cliwo\u015b\u0107 wyj\u0105tkowego obcowania z przyrod\u0105, kt\u00f3ra staje si\u0119 dla ciebie lustrem: emocji, przekona\u0144, mechanizm\u00f3w&#8230; Kiedy wkraczasz w dziewicze rejony polskich g\u00f3r &#8211; czas przestaje istnie\u0107. Jeste\u015b Ty, przyroda, Twoje emocje i my\u015bli. Je\u017celi po\u0142\u0105czymy to z prac\u0105 terapeutyczn\u0105 i wyj\u0105tkowymi lud\u017ami, to otrzymamy podr\u00f3\u017c, w kt\u00f3r\u0105 warto wyruszy\u0107.<br \/>\nNie obiecuj\u0119, \u017ce wr\u00f3cisz po niej z recept\u0105 na lepsze \u017cycie, ale na pewno b\u0119dzie ona dla Ciebie inspiracj\u0105 do rozwoju i szans\u0105 wkroczenia na \u015bcie\u017ck\u0119 \u017cycia o wi\u0119kszym znaczeniu.<\/p>\n<p><strong>Dlaczego warto wzi\u0105\u0107 udzia\u0142 w projekcie?<\/strong><br \/>\n\u017bycie jest najpi\u0119kniejsz\u0105 podr\u00f3\u017c\u0105, jak\u0105 dostali\u015bmy w darze, a najwi\u0119kszym wyzwaniem i darem jednocze\u015bnie jest, aby prze\u017cy\u0107 t\u0105 podr\u00f3\u017c \u015bwiadomie. Co to oznacza? \u015awiadomie oznacza akceptacj\u0119 tego kim jestem i jaki jestem. Nie nale\u017cy tego oczywi\u015bcie myli\u0107 z bierno\u015bci\u0105! Akceptacja rzeczywisto\u015bci jest podstaw\u0105 naszej zmiany, a ona jest ci\u0105g\u0142ym procesem, kt\u00f3ry po prostu zachodzi: czy tego chcemy czy nie&#8230; Naturaln\u0105 wydaje si\u0119 wi\u0119c by\u0107 mo\u017cliwo\u015b\u0107 zrozumienia dynamiki naszego rozwoju i kierunku, w kt\u00f3rym pod\u0105\u017camy. Jest pi\u0119kny cytat z Szekspira z \u201eJuliusza Cezara\u201d, kt\u00f3ry ilustruje t\u0119 dynamik\u0119:<\/p>\n<blockquote><p><strong>\u2026 W ludzkim \u017cyciu<\/strong><br \/>\n<strong>Trafia si\u0119 pr\u0105d, kt\u00f3ry \u017ceglarza,<\/strong><br \/>\n<strong>Niesie ku wielkim zyskom; pr\u0105d przegapi\u0107 \u2013<\/strong><br \/>\n<strong>To utkwi\u0107 dziobem na reszt\u0119 \u017cywota<\/strong><br \/>\n<strong>W mieliznach n\u0119dzy.<\/strong><\/p><\/blockquote>\n<p>Archetyp m\u0119\u017cczyzny jest pot\u0119\u017cn\u0105 kreatywn\u0105 si\u0142\u0105 kszta\u0142tuj\u0105c\u0105 nasz\u0105 rzeczywisto\u015b\u0107: Ojc\u00f3w, Syn\u00f3w, Dziadk\u00f3w, a tak\u017ce kobiet, kt\u00f3re s\u0105 przy nas i wok\u00f3\u0142 nas. Rozumie\u0107 ten archetyp, to mie\u0107 wp\u0142yw na siebie, w\u0142asne \u017cycie i rzeczywisto\u015b\u0107 wok\u00f3\u0142 nas. Wp\u0142yw to wyb\u00f3r!\u00a0 Bardzo cz\u0119sto jednak wolimy zapanowa\u0107 nad t\u0105 sfer\u0105, poskromi\u0107 j\u0105, zniewoli\u0107&#8230;. Co nas do tego pcha? Jest tylko jeden spos\u00f3b, \u017ceby zrozumie\u0107 \u015bwiat: trzeba najpierw zrozumie\u0107 samego siebie&#8230; \u015bwiat jest nasz\u0105 projekcj\u0105&#8230;<br \/>\nZapraszam Facet\u00f3w do udzia\u0142u w projekcie!<\/p>\n<p>Z pozdrowieniami,<\/p>\n<p>Grzegorz Cho\u0142uj<\/p>\n<p>grzegorz.choluj@flowartcreation.pl<\/p>\n<p><a href=\"https:\/\/www.facebook.com\/GrzegorzCholujFlow\">https:\/\/www.facebook.com\/GrzegorzCholujFlow<\/a><\/p>\n<div class=\"text_exposed_show\">\n<p><a href=\"https:\/\/www.facebook.com\/FlowArtCreation\">https:\/\/www.facebook.com\/FlowArtCreation<\/a><\/p>\n<p>+48 604 559 629<\/p>\n<p>Spotkajmy si\u0119 na M\u0119skiej Wyprawie!<br \/>\nZ pozdrowieniami,<br \/>\nGrzegorz Cho\u0142uj<\/p>\n<p><iframe loading=\"lazy\" title=\"DeepInside - G\u00f3rska Wyprawa Rozwojowa dla M\u0119\u017cczyzn ZAPROSZENIE\" width=\"930\" height=\"523\" src=\"https:\/\/www.youtube.com\/embed\/NRt9wRlXw9U?feature=oembed\" frameborder=\"0\" allow=\"accelerometer; autoplay; clipboard-write; encrypted-media; gyroscope; picture-in-picture\" allowfullscreen><\/iframe><\/p>\n<\/div>\n<p><iframe loading=\"lazy\" title=\"#DeepInside - refleksje... 28.02.2016\" width=\"930\" height=\"698\" src=\"https:\/\/www.youtube.com\/embed\/9c8yI8-mUmo?feature=oembed\" frameborder=\"0\" allow=\"accelerometer; autoplay; clipboard-write; encrypted-media; gyroscope; picture-in-picture\" allowfullscreen><\/iframe><\/p>\n<p>https:\/\/youtu.be\/CKHZYOoQvuk<\/p>\n<p><iframe loading=\"lazy\" title=\"#DeepInside. Kim jeste\u015bmy My, M\u0119\u017cczy\u017ani.. cz.2\" width=\"930\" height=\"523\" src=\"https:\/\/www.youtube.com\/embed\/lOrFYL93ilU?feature=oembed\" frameborder=\"0\" allow=\"accelerometer; autoplay; clipboard-write; encrypted-media; gyroscope; picture-in-picture\" allowfullscreen><\/iframe><\/p>\n<p><iframe loading=\"lazy\" title=\"#DEEP_INSIDE 26\/28 LUTY - M\u0118SKA WYPRAWA zaproszenie\" width=\"930\" height=\"523\" src=\"https:\/\/www.youtube.com\/embed\/lZpRZbTFcAs?feature=oembed\" frameborder=\"0\" allow=\"accelerometer; autoplay; clipboard-write; encrypted-media; gyroscope; picture-in-picture\" allowfullscreen><\/iframe><\/p>\n","protected":false},"excerpt":{"rendered":"<p>WARSZTATY DLA M\u0118\u017bCZYZN #DeepInside &#8211; W g\u0142\u0105b samego siebie M\u0118SKI PROGRAM PRACY TERAPEUTYCZNEJ I ROZWOJU OSOBISTEGO To nowy cykl spotka\u0144, warsztat\u00f3w, wydarze\u0144 po\u015bwi\u0119conych NAM &#8211; M\u0118\u017bCZYZNOM. Kim jeste\u015bmy? Jacy jeste\u015bmy? Jakie role s\u0105 nam przypisane od wiek\u00f3w? Jakie wyzwania stoj\u0105 przed nami dzisiaj? Jakie mo\u017cliwo\u015bci stwarza nam rzeczywisto\u015b\u0107, a jakie kreujemy sami? Jakie pu\u0142apki i&hellip;<\/p>\n","protected":false},"author":1,"featured_media":0,"parent":0,"menu_order":0,"comment_status":"closed","ping_status":"closed","template":"","meta":{"footnotes":""},"class_list":["post-94","page","type-page","status-publish","hentry"],"_links":{"self":[{"href":"http:\/\/grzegorzcholuj.pl\/index.php?rest_route=\/wp\/v2\/pages\/94","targetHints":{"allow":["GET"]}}],"collection":[{"href":"http:\/\/grzegorzcholuj.pl\/index.php?rest_route=\/wp\/v2\/pages"}],"about":[{"href":"http:\/\/grzegorzcholuj.pl\/index.php?rest_route=\/wp\/v2\/types\/page"}],"author":[{"embeddable":true,"href":"http:\/\/grzegorzcholuj.pl\/index.php?rest_route=\/wp\/v2\/users\/1"}],"replies":[{"embeddable":true,"href":"http:\/\/grzegorzcholuj.pl\/index.php?rest_route=%2Fwp%2Fv2%2Fcomments&post=94"}],"version-history":[{"count":31,"href":"http:\/\/grzegorzcholuj.pl\/index.php?rest_route=\/wp\/v2\/pages\/94\/revisions"}],"predecessor-version":[{"id":391,"href":"http:\/\/grzegorzcholuj.pl\/index.php?rest_route=\/wp\/v2\/pages\/94\/revisions\/391"}],"wp:attachment":[{"href":"http:\/\/grzegorzcholuj.pl\/index.php?rest_route=%2Fwp%2Fv2%2Fmedia&parent=94"}],"curies":[{"name":"wp","href":"https:\/\/api.w.org\/{rel}","templated":true}]}}