{"id":14,"date":"2014-09-05T09:59:40","date_gmt":"2014-09-05T09:59:40","guid":{"rendered":"http:\/\/grzegorzcholuj.pl\/?page_id=14"},"modified":"2018-04-12T08:20:46","modified_gmt":"2018-04-12T08:20:46","slug":"rozwoj-osobisty","status":"publish","type":"page","link":"http:\/\/grzegorzcholuj.pl\/?page_id=14","title":{"rendered":"WYPRAWY ROZWOJOWE"},"content":{"rendered":"<blockquote><p><strong>WYPRAWY ROZWOJOWE <\/strong><\/p>\n<p>JED\u0179 ZE MN\u0104 NA BA\u0141KANY, W POLSKIE G\u00d3RY, NAD RZEKI I W PRASTARE PUSZCZE&#8230;<\/p>\n<p><strong>\u2026 W ludzkim \u017cyciu<\/strong><br \/>\n<strong>Trafia si\u0119 pr\u0105d, kt\u00f3ry \u017ceglarza,<\/strong><br \/>\n<strong>Niesie ku wielkim zyskom; pr\u0105d przegapi\u0107 \u2013<\/strong><br \/>\n<strong>To utkwi\u0107 dziobem na reszt\u0119 \u017cywota<\/strong><br \/>\n<strong>W mieliznach n\u0119dzy.<\/strong><br \/>\nW.Shakespeare \u201eJuliusz Cezar\u201d<\/p><\/blockquote>\n<p><a href=\"http:\/\/grzegorzcholuj.pl\/wp-content\/uploads\/2014\/09\/52DSC_0699.jpg\"><img loading=\"lazy\" decoding=\"async\" class=\"alignnone size-full wp-image-270\" src=\"http:\/\/grzegorzcholuj.pl\/wp-content\/uploads\/2014\/09\/52DSC_0699.jpg\" alt=\"\" width=\"6000\" height=\"4000\" srcset=\"http:\/\/grzegorzcholuj.pl\/wp-content\/uploads\/2014\/09\/52DSC_0699.jpg 6000w, http:\/\/grzegorzcholuj.pl\/wp-content\/uploads\/2014\/09\/52DSC_0699-300x200.jpg 300w, http:\/\/grzegorzcholuj.pl\/wp-content\/uploads\/2014\/09\/52DSC_0699-768x512.jpg 768w, http:\/\/grzegorzcholuj.pl\/wp-content\/uploads\/2014\/09\/52DSC_0699-1024x683.jpg 1024w, http:\/\/grzegorzcholuj.pl\/wp-content\/uploads\/2014\/09\/52DSC_0699-1920x1280.jpg 1920w\" sizes=\"auto, (max-width: 6000px) 100vw, 6000px\" \/><\/a><\/p>\n<p><strong>Rozw\u00f3j osobisty<\/strong> jest drog\u0105 do \u015bwiadomej\u00a0 podr\u00f3\u017cy przez \u017cycie i wszystkie jego przejawy. Zadajesz sobie pytanie <strong>kim jeste\u015b i dok\u0105d zmierzasz<\/strong>\u2026 jakie jest twoje miejsce w \u015bwiecie, w rodzinie, w relacjach, w pracy\u2026<\/p>\n<p>Zapraszam Ci\u0119 do wej\u015bcia na drog\u0119, z kt\u00f3rej nie ma ju\u017c powrotu. Dla niekt\u00f3rych mo\u017ce brzmie\u0107 to z\u0142owieszczo, ale zapewniam Ci\u0119, \u017ce nie ma w tej podr\u00f3\u017cy strachu \u2013 jest natomiast odwaga w przekraczaniu l\u0119ku! Jest wyj\u015bcie poza w\u0142asn\u0105 stref\u0119 komfortu. Jest szansa na zrozumienie tego, kim jeste\u015b \u2013 nie ubranego w samoograniczaj\u0105ce przekonania i projekcje ego, ale cz\u0142owieka \u2013 niepowtarzaln\u0105 indywidualno\u015b\u0107.<\/p>\n<p>Co odziedziczy\u0142e\u015b po przodkach? Jak wp\u0142ywa na Ciebie otaczaj\u0105cy Ci\u0119 \u015bwiat? Na ile masz silne wewn\u0119trzne poczucie, \u017ce potrafisz kierowa\u0107 w\u0142asnym \u017cyciem\u2026<\/p>\n<p>Wszystko zaczyna si\u0119 w Tobie. Ka\u017cda decyzja, kt\u00f3r\u0105 podejmujesz. Ka\u017cdy krok, kt\u00f3ry stawiasz. Mo\u017cesz dzia\u0142a\u0107 \u015bwiadomie, albo i\u015b\u0107 pchany niewidzialnymi si\u0142ami rz\u0105dz\u0105cych Tob\u0105 mechanizm\u00f3w. W jednym i drugim przypadku ponosisz pe\u0142n\u0105 odpowiedzialno\u015b\u0107 za twoje my\u015bli i czyny. Zawsze masz wyb\u00f3r. Ta \u015bwiadomo\u015b\u0107 czyni Ci\u0119 wolnym cz\u0142owiekiem, a jak wykorzystasz ten dar \u2013 To ju\u017c Twoja historia\u2026<\/p>\n<p>I pami\u0119taj \u2013 droga rozwoju pe\u0142na jest zakr\u0119t\u00f3w, b\u0142\u0119dnych korytarzy, zwodniczych projekcji, pozornej pewno\u015bci i pora\u017cek\u2026 I wszystko to jest przebraniem m\u0105dro\u015bci.<\/p>\n<p>Czasami przychodzi moment, w kt\u00f3rym zdajesz sobie spraw\u0119, \u017ce \u201epomyli\u0142e\u015b niebo z gwiazdami odbitymi noc\u0105 na powierzchni stawu\u2026\u201d (A.Sapkowski)\u2026<\/p>\n<p>Zapraszam na warsztaty grupowe, wyjazdy coachingowe i indywidualne sesje coachingowe (life coaching). Poni\u017cej znajduje si\u0119 przyk\u0142adowa oferta wybranych projekt\u00f3w \u2013 zapraszam Ci\u0119 do zapoznania si\u0119 z bie\u017c\u0105cymi wydarzeniami i wzi\u0119cia udzia\u0142u w warsztatach i szkoleniach, kt\u00f3re dla Ciebie przygotowa\u0142em.<\/p>\n<p>Oferta*:<\/p>\n<ul>\n<li>SKOK NA BO\u015aNI\u0118 &#8211; wyprawa rozwojowa na Ba\u0142kany. Poni\u017cej link do albumu:<br \/>\n<a href=\"https:\/\/www.facebook.com\/media\/set\/?set=a.1879196885664227.1073741848.1431604193756834&amp;type=1&amp;l=805cfa24f5\">https:\/\/www.facebook.com\/media\/set\/?set=a.1879196885664227.1073741848.1431604193756834&amp;type=1&amp;l=805cfa24f5<\/a><\/li>\n<li>PANTA RHEI \u2013 W RYTM RZEKI(otwarty warsztat rozwoju osobistego po\u0142\u0105czony z wypraw\u0105 kajakow\u0105 dla m\u0142odzie\u017cy i doros\u0142ych)<\/li>\n<li>WYPRAWA BOHATER\u00d3W (warsztat rozwoju osobistego dla m\u0119\u017cczyzn po\u0142\u0105czony ze sp\u0142ywem kajakowym m\u0119\u017cczy\u017ani 20+<\/li>\n<\/ul>\n<p>*s\u0105 to propozycje wypraw i warsztat\u00f3w w zakresie tematyki, czasu trwania i koszt\u00f3w \u2013 \u017cebym m\u00f3g\u0142 przygotowa\u0107 ofert\u0119 specjalnie dla Ciebie \u2013 skontaktuj si\u0119 ze mn\u0105!<\/p>\n<p><a href=\"http:\/\/grzegorz.choluj@flowartcreation.pl\">KONTAKT<\/a><\/p>\n<p><a href=\"http:\/\/grzegorzcholuj.pl\/wp-content\/uploads\/2014\/09\/1-2.jpg\"><img loading=\"lazy\" decoding=\"async\" class=\"alignnone size-full wp-image-269\" src=\"http:\/\/grzegorzcholuj.pl\/wp-content\/uploads\/2014\/09\/1-2.jpg\" alt=\"\" width=\"6000\" height=\"4000\" srcset=\"http:\/\/grzegorzcholuj.pl\/wp-content\/uploads\/2014\/09\/1-2.jpg 6000w, http:\/\/grzegorzcholuj.pl\/wp-content\/uploads\/2014\/09\/1-2-300x200.jpg 300w, http:\/\/grzegorzcholuj.pl\/wp-content\/uploads\/2014\/09\/1-2-768x512.jpg 768w, http:\/\/grzegorzcholuj.pl\/wp-content\/uploads\/2014\/09\/1-2-1024x683.jpg 1024w, http:\/\/grzegorzcholuj.pl\/wp-content\/uploads\/2014\/09\/1-2-1920x1280.jpg 1920w\" sizes=\"auto, (max-width: 6000px) 100vw, 6000px\" \/><\/a><\/p>\n","protected":false},"excerpt":{"rendered":"<p>WYPRAWY ROZWOJOWE JED\u0179 ZE MN\u0104 NA BA\u0141KANY, W POLSKIE G\u00d3RY, NAD RZEKI I W PRASTARE PUSZCZE&#8230; \u2026 W ludzkim \u017cyciu Trafia si\u0119 pr\u0105d, kt\u00f3ry \u017ceglarza, Niesie ku wielkim zyskom; pr\u0105d przegapi\u0107 \u2013 To utkwi\u0107 dziobem na reszt\u0119 \u017cywota W mieliznach n\u0119dzy. W.Shakespeare \u201eJuliusz Cezar\u201d Rozw\u00f3j osobisty jest drog\u0105 do \u015bwiadomej\u00a0 podr\u00f3\u017cy przez \u017cycie i wszystkie&hellip;<\/p>\n","protected":false},"author":2,"featured_media":0,"parent":0,"menu_order":0,"comment_status":"open","ping_status":"open","template":"","meta":{"footnotes":""},"class_list":["post-14","page","type-page","status-publish","hentry"],"_links":{"self":[{"href":"http:\/\/grzegorzcholuj.pl\/index.php?rest_route=\/wp\/v2\/pages\/14","targetHints":{"allow":["GET"]}}],"collection":[{"href":"http:\/\/grzegorzcholuj.pl\/index.php?rest_route=\/wp\/v2\/pages"}],"about":[{"href":"http:\/\/grzegorzcholuj.pl\/index.php?rest_route=\/wp\/v2\/types\/page"}],"author":[{"embeddable":true,"href":"http:\/\/grzegorzcholuj.pl\/index.php?rest_route=\/wp\/v2\/users\/2"}],"replies":[{"embeddable":true,"href":"http:\/\/grzegorzcholuj.pl\/index.php?rest_route=%2Fwp%2Fv2%2Fcomments&post=14"}],"version-history":[{"count":6,"href":"http:\/\/grzegorzcholuj.pl\/index.php?rest_route=\/wp\/v2\/pages\/14\/revisions"}],"predecessor-version":[{"id":277,"href":"http:\/\/grzegorzcholuj.pl\/index.php?rest_route=\/wp\/v2\/pages\/14\/revisions\/277"}],"wp:attachment":[{"href":"http:\/\/grzegorzcholuj.pl\/index.php?rest_route=%2Fwp%2Fv2%2Fmedia&parent=14"}],"curies":[{"name":"wp","href":"https:\/\/api.w.org\/{rel}","templated":true}]}}