{"id":119,"date":"2015-09-15T20:34:07","date_gmt":"2015-09-15T20:34:07","guid":{"rendered":"http:\/\/grzegorzcholuj.pl\/?page_id=119"},"modified":"2022-01-18T13:51:33","modified_gmt":"2022-01-18T13:51:33","slug":"kontakt-2","status":"publish","type":"page","link":"http:\/\/grzegorzcholuj.pl\/?page_id=119","title":{"rendered":"KONTAKT"},"content":{"rendered":"<h3 style=\"text-align: center;\">Witam Ci\u0119!<\/h3>\n<p>Najlepsz\u0105 form\u0105 kontaktu ze mn\u0105 b\u0119dzie e-mail:<\/p>\n<p><strong>grzegorz.choluj@flowartcreation.pl<\/strong><\/p>\n<p>Postaram si\u0119 odpowiedzie\u0107 najszybciej jak b\u0119d\u0119 m\u00f3g\u0142!<\/p>\n<p>Mo\u017cesz tak\u017ce do mnie zadzwoni\u0107:<\/p>\n<p><strong>+48 604559629<\/strong><\/p>\n<p>Je\u017celi nie b\u0119d\u0119 m\u00f3g\u0142 odebra\u0107 telefonu od Ciebie \u2013 oddzwoni\u0119.<\/p>\n<p>Zapraszam tak\u017ce na FB:<\/p>\n<p><a href=\"https:\/\/www.facebook.com\/FlowArtCreation\">https:\/\/www.facebook.com\/FlowArtCreation<\/a><\/p>\n<p>Do us\u0142yszenia i do zobaczenia,<\/p>\n<p>Grzegorz Cho\u0142uj<\/p>\n<p>\ud83d\ude42<\/p>\n","protected":false},"excerpt":{"rendered":"<p>Witam Ci\u0119! Najlepsz\u0105 form\u0105 kontaktu ze mn\u0105 b\u0119dzie e-mail: grzegorz.choluj@flowartcreation.pl Postaram si\u0119 odpowiedzie\u0107 najszybciej jak b\u0119d\u0119 m\u00f3g\u0142! Mo\u017cesz tak\u017ce do mnie zadzwoni\u0107: +48 604559629 Je\u017celi nie b\u0119d\u0119 m\u00f3g\u0142 odebra\u0107 telefonu od Ciebie \u2013 oddzwoni\u0119. Zapraszam tak\u017ce na FB: https:\/\/www.facebook.com\/FlowArtCreation Do us\u0142yszenia i do zobaczenia, Grzegorz Cho\u0142uj \ud83d\ude42<\/p>\n","protected":false},"author":1,"featured_media":0,"parent":0,"menu_order":0,"comment_status":"closed","ping_status":"closed","template":"","meta":{"footnotes":""},"class_list":["post-119","page","type-page","status-publish","hentry"],"_links":{"self":[{"href":"http:\/\/grzegorzcholuj.pl\/index.php?rest_route=\/wp\/v2\/pages\/119","targetHints":{"allow":["GET"]}}],"collection":[{"href":"http:\/\/grzegorzcholuj.pl\/index.php?rest_route=\/wp\/v2\/pages"}],"about":[{"href":"http:\/\/grzegorzcholuj.pl\/index.php?rest_route=\/wp\/v2\/types\/page"}],"author":[{"embeddable":true,"href":"http:\/\/grzegorzcholuj.pl\/index.php?rest_route=\/wp\/v2\/users\/1"}],"replies":[{"embeddable":true,"href":"http:\/\/grzegorzcholuj.pl\/index.php?rest_route=%2Fwp%2Fv2%2Fcomments&post=119"}],"version-history":[{"count":8,"href":"http:\/\/grzegorzcholuj.pl\/index.php?rest_route=\/wp\/v2\/pages\/119\/revisions"}],"predecessor-version":[{"id":347,"href":"http:\/\/grzegorzcholuj.pl\/index.php?rest_route=\/wp\/v2\/pages\/119\/revisions\/347"}],"wp:attachment":[{"href":"http:\/\/grzegorzcholuj.pl\/index.php?rest_route=%2Fwp%2Fv2%2Fmedia&parent=119"}],"curies":[{"name":"wp","href":"https:\/\/api.w.org\/{rel}","templated":true}]}}